{"id":863,"date":"2024-06-03T10:43:35","date_gmt":"2024-06-03T08:43:35","guid":{"rendered":"https:\/\/neovia.coach\/laissez-vous-tenter-par-les-cartes\/"},"modified":"2024-06-11T20:49:36","modified_gmt":"2024-06-11T18:49:36","slug":"the-audio-oracle","status":"publish","type":"page","link":"https:\/\/neovia.coach\/en\/the-audio-oracle\/","title":{"rendered":"The Audio Oracle"},"content":{"rendered":"<div class=\"wpb-content-wrapper\"><p>[vc_row][vc_column width=&#8221;3\/12&#8243;][\/vc_column][vc_column width=&#8221;3\/12&#8243;][vc_single_image image=&#8221;859&#8243; img_size=&#8221;medium&#8221; alignment=&#8221;center&#8221; css=&#8221;&#8221;][vc_btn title=&#8221;Oracle du jour&#8221; align=&#8221;center&#8221; css=&#8221;&#8221;][\/vc_column][vc_column width=&#8221;3\/12&#8243;][vc_single_image image=&#8221;856&#8243; img_size=&#8221;medium&#8221; alignment=&#8221;center&#8221; css=&#8221;&#8221;][vc_btn title=&#8221;Surprends-moi !&#8221; align=&#8221;center&#8221; css=&#8221;&#8221;][\/vc_column][vc_column width=&#8221;3\/12&#8243;][\/vc_column][\/vc_row][vc_row][vc_column][vc_btn title=&#8221;Aide \u00e0 la prise de d\u00e9cision&#8221; align=&#8221;center&#8221; css=&#8221;&#8221;][vc_btn title=&#8221;Coup de pouce de la journ\u00e9e&#8221; align=&#8221;center&#8221; css=&#8221;&#8221;][\/vc_column][\/vc_row]<\/p>\n<\/div>","protected":false},"excerpt":{"rendered":"<p>[vc_row][vc_column width=&#8221;3\/12&#8243;][\/vc_column][vc_column width=&#8221;3\/12&#8243;][vc_single_image image=&#8221;859&#8243; img_size=&#8221;medium&#8221; alignment=&#8221;center&#8221; css=&#8221;&#8221;][vc_btn title=&#8221;Oracle du jour&#8221; align=&#8221;center&#8221; css=&#8221;&#8221;][\/vc_column][vc_column width=&#8221;3\/12&#8243;][vc_single_image image=&#8221;856&#8243; img_size=&#8221;medium&#8221; alignment=&#8221;center&#8221; css=&#8221;&#8221;][vc_btn title=&#8221;Surprends-moi !&#8221; align=&#8221;center&#8221; css=&#8221;&#8221;][\/vc_column][vc_column width=&#8221;3\/12&#8243;][\/vc_column][\/vc_row][vc_row][vc_column][vc_btn title=&#8221;Aide \u00e0 la prise de d\u00e9cision&#8221; align=&#8221;center&#8221; css=&#8221;&#8221;][vc_btn title=&#8221;Coup de pouce de la journ\u00e9e&#8221; align=&#8221;center&#8221; css=&#8221;&#8221;][\/vc_column][\/vc_row]<\/p>\n","protected":false},"author":39061,"featured_media":0,"parent":0,"menu_order":0,"comment_status":"closed","ping_status":"closed","template":"","meta":{"_acf_changed":false,"footnotes":""},"class_list":["post-863","page","type-page","status-publish","hentry"],"acf":[],"yoast_head":"<!-- This site is optimized with the Yoast SEO plugin v27.4 - https:\/\/yoast.com\/product\/yoast-seo-wordpress\/ -->\n<title>The Audio Oracle - Neovia Coach - Business Coaching - Paris<\/title>\n<meta name=\"robots\" content=\"index, follow, max-snippet:-1, max-image-preview:large, max-video-preview:-1\" \/>\n<link rel=\"canonical\" href=\"https:\/\/neovia.coach\/en\/the-audio-oracle\/\" \/>\n<meta property=\"og:locale\" content=\"en_US\" \/>\n<meta property=\"og:type\" content=\"article\" \/>\n<meta property=\"og:title\" content=\"The Audio Oracle - Neovia Coach - Business Coaching - Paris\" \/>\n<meta property=\"og:description\" content=\"[vc_row][vc_column width=&#8221;3\/12&#8243;][\/vc_column][vc_column width=&#8221;3\/12&#8243;][vc_single_image image=&#8221;859&#8243; img_size=&#8221;medium&#8221; alignment=&#8221;center&#8221; css=&#8221;&#8221;][vc_btn title=&#8221;Oracle du jour&#8221; align=&#8221;center&#8221; css=&#8221;&#8221;][\/vc_column][vc_column width=&#8221;3\/12&#8243;][vc_single_image image=&#8221;856&#8243; img_size=&#8221;medium&#8221; alignment=&#8221;center&#8221; css=&#8221;&#8221;][vc_btn title=&#8221;Surprends-moi !&#8221; align=&#8221;center&#8221; css=&#8221;&#8221;][\/vc_column][vc_column width=&#8221;3\/12&#8243;][\/vc_column][\/vc_row][vc_row][vc_column][vc_btn title=&#8221;Aide \u00e0 la prise de d\u00e9cision&#8221; align=&#8221;center&#8221; css=&#8221;&#8221;][vc_btn title=&#8221;Coup de pouce de la journ\u00e9e&#8221; align=&#8221;center&#8221; css=&#8221;&#8221;][\/vc_column][\/vc_row]\" \/>\n<meta property=\"og:url\" content=\"https:\/\/neovia.coach\/en\/the-audio-oracle\/\" \/>\n<meta property=\"og:site_name\" content=\"Neovia Coach - Business Coaching - Paris\" \/>\n<meta property=\"article:modified_time\" content=\"2024-06-11T18:49:36+00:00\" \/>\n<meta name=\"twitter:card\" content=\"summary_large_image\" \/>\n<meta name=\"twitter:label1\" content=\"Est. reading time\" \/>\n\t<meta name=\"twitter:data1\" content=\"1 minute\" \/>\n<script type=\"application\/ld+json\" class=\"yoast-schema-graph\">{\"@context\":\"https:\\\/\\\/schema.org\",\"@graph\":[{\"@type\":\"WebPage\",\"@id\":\"https:\\\/\\\/neovia.coach\\\/en\\\/the-audio-oracle\\\/\",\"url\":\"https:\\\/\\\/neovia.coach\\\/en\\\/the-audio-oracle\\\/\",\"name\":\"The Audio Oracle - Neovia Coach - Business Coaching - Paris\",\"isPartOf\":{\"@id\":\"https:\\\/\\\/neovia.coach\\\/en\\\/#website\"},\"datePublished\":\"2024-06-03T08:43:35+00:00\",\"dateModified\":\"2024-06-11T18:49:36+00:00\",\"breadcrumb\":{\"@id\":\"https:\\\/\\\/neovia.coach\\\/en\\\/the-audio-oracle\\\/#breadcrumb\"},\"inLanguage\":\"en-US\",\"potentialAction\":[{\"@type\":\"ReadAction\",\"target\":[\"https:\\\/\\\/neovia.coach\\\/en\\\/the-audio-oracle\\\/\"]}]},{\"@type\":\"BreadcrumbList\",\"@id\":\"https:\\\/\\\/neovia.coach\\\/en\\\/the-audio-oracle\\\/#breadcrumb\",\"itemListElement\":[{\"@type\":\"ListItem\",\"position\":1,\"name\":\"Accueil\",\"item\":\"https:\\\/\\\/neovia.coach\\\/en\\\/\"},{\"@type\":\"ListItem\",\"position\":2,\"name\":\"The Audio Oracle\"}]},{\"@type\":\"WebSite\",\"@id\":\"https:\\\/\\\/neovia.coach\\\/en\\\/#website\",\"url\":\"https:\\\/\\\/neovia.coach\\\/en\\\/\",\"name\":\"Neovia Coach - Business Coaching - Paris\",\"description\":\"Coaching - Accompagnement\",\"potentialAction\":[{\"@type\":\"SearchAction\",\"target\":{\"@type\":\"EntryPoint\",\"urlTemplate\":\"https:\\\/\\\/neovia.coach\\\/en\\\/?s={search_term_string}\"},\"query-input\":{\"@type\":\"PropertyValueSpecification\",\"valueRequired\":true,\"valueName\":\"search_term_string\"}}],\"inLanguage\":\"en-US\"}]}<\/script>\n<!-- \/ Yoast SEO plugin. -->","yoast_head_json":{"title":"The Audio Oracle - Neovia Coach - Business Coaching - Paris","robots":{"index":"index","follow":"follow","max-snippet":"max-snippet:-1","max-image-preview":"max-image-preview:large","max-video-preview":"max-video-preview:-1"},"canonical":"https:\/\/neovia.coach\/en\/the-audio-oracle\/","og_locale":"en_US","og_type":"article","og_title":"The Audio Oracle - Neovia Coach - Business Coaching - Paris","og_description":"[vc_row][vc_column width=&#8221;3\/12&#8243;][\/vc_column][vc_column width=&#8221;3\/12&#8243;][vc_single_image image=&#8221;859&#8243; img_size=&#8221;medium&#8221; alignment=&#8221;center&#8221; css=&#8221;&#8221;][vc_btn title=&#8221;Oracle du jour&#8221; align=&#8221;center&#8221; css=&#8221;&#8221;][\/vc_column][vc_column width=&#8221;3\/12&#8243;][vc_single_image image=&#8221;856&#8243; img_size=&#8221;medium&#8221; alignment=&#8221;center&#8221; css=&#8221;&#8221;][vc_btn title=&#8221;Surprends-moi !&#8221; align=&#8221;center&#8221; css=&#8221;&#8221;][\/vc_column][vc_column width=&#8221;3\/12&#8243;][\/vc_column][\/vc_row][vc_row][vc_column][vc_btn title=&#8221;Aide \u00e0 la prise de d\u00e9cision&#8221; align=&#8221;center&#8221; css=&#8221;&#8221;][vc_btn title=&#8221;Coup de pouce de la journ\u00e9e&#8221; align=&#8221;center&#8221; css=&#8221;&#8221;][\/vc_column][\/vc_row]","og_url":"https:\/\/neovia.coach\/en\/the-audio-oracle\/","og_site_name":"Neovia Coach - Business Coaching - Paris","article_modified_time":"2024-06-11T18:49:36+00:00","twitter_card":"summary_large_image","twitter_misc":{"Est. reading time":"1 minute"},"schema":{"@context":"https:\/\/schema.org","@graph":[{"@type":"WebPage","@id":"https:\/\/neovia.coach\/en\/the-audio-oracle\/","url":"https:\/\/neovia.coach\/en\/the-audio-oracle\/","name":"The Audio Oracle - Neovia Coach - Business Coaching - Paris","isPartOf":{"@id":"https:\/\/neovia.coach\/en\/#website"},"datePublished":"2024-06-03T08:43:35+00:00","dateModified":"2024-06-11T18:49:36+00:00","breadcrumb":{"@id":"https:\/\/neovia.coach\/en\/the-audio-oracle\/#breadcrumb"},"inLanguage":"en-US","potentialAction":[{"@type":"ReadAction","target":["https:\/\/neovia.coach\/en\/the-audio-oracle\/"]}]},{"@type":"BreadcrumbList","@id":"https:\/\/neovia.coach\/en\/the-audio-oracle\/#breadcrumb","itemListElement":[{"@type":"ListItem","position":1,"name":"Accueil","item":"https:\/\/neovia.coach\/en\/"},{"@type":"ListItem","position":2,"name":"The Audio Oracle"}]},{"@type":"WebSite","@id":"https:\/\/neovia.coach\/en\/#website","url":"https:\/\/neovia.coach\/en\/","name":"Neovia Coach - Business Coaching - Paris","description":"Coaching - Accompagnement","potentialAction":[{"@type":"SearchAction","target":{"@type":"EntryPoint","urlTemplate":"https:\/\/neovia.coach\/en\/?s={search_term_string}"},"query-input":{"@type":"PropertyValueSpecification","valueRequired":true,"valueName":"search_term_string"}}],"inLanguage":"en-US"}]}},"_links":{"self":[{"href":"https:\/\/neovia.coach\/en\/wp-json\/wp\/v2\/pages\/863","targetHints":{"allow":["GET"]}}],"collection":[{"href":"https:\/\/neovia.coach\/en\/wp-json\/wp\/v2\/pages"}],"about":[{"href":"https:\/\/neovia.coach\/en\/wp-json\/wp\/v2\/types\/page"}],"author":[{"embeddable":true,"href":"https:\/\/neovia.coach\/en\/wp-json\/wp\/v2\/users\/39061"}],"replies":[{"embeddable":true,"href":"https:\/\/neovia.coach\/en\/wp-json\/wp\/v2\/comments?post=863"}],"version-history":[{"count":3,"href":"https:\/\/neovia.coach\/en\/wp-json\/wp\/v2\/pages\/863\/revisions"}],"predecessor-version":[{"id":938,"href":"https:\/\/neovia.coach\/en\/wp-json\/wp\/v2\/pages\/863\/revisions\/938"}],"wp:attachment":[{"href":"https:\/\/neovia.coach\/en\/wp-json\/wp\/v2\/media?parent=863"}],"curies":[{"name":"wp","href":"https:\/\/api.w.org\/{rel}","templated":true}]}}